{"id":3160,"date":"2020-06-14T11:29:10","date_gmt":"2020-06-14T09:29:10","guid":{"rendered":"https:\/\/www.simafri.com\/cs\/?page_id=3160"},"modified":"2021-03-04T10:10:23","modified_gmt":"2021-03-04T09:10:23","slug":"accueil-v2","status":"publish","type":"page","link":"https:\/\/www.simafri.com\/cs\/","title":{"rendered":"Domovsk\u00e1 str\u00e1nka"},"content":{"rendered":"\t\t<div data-elementor-type=\"wp-page\" data-elementor-id=\"3160\" class=\"elementor elementor-3160\" data-elementor-settings=\"[]\">\n\t\t\t\t\t\t\t<div class=\"elementor-section-wrap\">\n\t\t\t\t\t\t\t<section class=\"elementor-section elementor-top-section elementor-element elementor-element-5404c1e elementor-section-boxed elementor-section-height-default elementor-section-height-default\" data-id=\"5404c1e\" data-element_type=\"section\" data-settings=\"{&quot;background_background&quot;:&quot;classic&quot;,&quot;shape_divider_bottom&quot;:&quot;tilt&quot;}\">\n\t\t\t\t\t\t\t<div class=\"elementor-background-overlay\"><\/div>\n\t\t\t\t\t\t<div class=\"elementor-shape elementor-shape-bottom\" data-negative=\"false\">\n\t\t\t<svg xmlns=\"http:\/\/www.w3.org\/2000\/svg\" viewBox=\"0 0 1000 100\" preserveAspectRatio=\"none\">\n\t<path class=\"elementor-shape-fill\" d=\"M0,6V0h1000v100L0,6z\"\/>\n<\/svg>\t\t<\/div>\n\t\t\t\t\t<div class=\"elementor-container elementor-column-gap-default\">\n\t\t\t\t\t<div class=\"elementor-column elementor-col-100 elementor-top-column elementor-element elementor-element-50d7d42\" data-id=\"50d7d42\" data-element_type=\"column\">\n\t\t\t<div class=\"elementor-widget-wrap elementor-element-populated\">\n\t\t\t\t\t\t\t\t<div class=\"elementor-element elementor-element-3a49d7e elementor-absolute elementor-hidden-phone elementor-invisible elementor-widget elementor-widget-image\" data-id=\"3a49d7e\" data-element_type=\"widget\" data-settings=\"{&quot;motion_fx_motion_fx_mouse&quot;:&quot;yes&quot;,&quot;motion_fx_mouseTrack_effect&quot;:&quot;yes&quot;,&quot;motion_fx_mouseTrack_speed&quot;:{&quot;unit&quot;:&quot;px&quot;,&quot;size&quot;:0.2,&quot;sizes&quot;:[]},&quot;_animation&quot;:&quot;slideInRight&quot;,&quot;_animation_delay&quot;:300,&quot;_position&quot;:&quot;absolute&quot;}\" data-widget_type=\"image.default\">\n\t\t\t\t<div class=\"elementor-widget-container\">\n\t\t\t<style>\/*! elementor - v3.3.1 - 20-07-2021 *\/\n.elementor-widget-image{text-align:center}.elementor-widget-image a{display:inline-block}.elementor-widget-image a img[src$=\".svg\"]{width:48px}.elementor-widget-image img{vertical-align:middle;display:inline-block}<\/style>\t\t\t\t\t\t\t\t\t\t\t\t<img width=\"512\" height=\"512\" src=\"https:\/\/www.simafri.com\/cs\/wp-content\/uploads\/2020\/04\/sigle-simafri-512-h.png\" class=\"attachment-full size-full\" alt=\"\" loading=\"lazy\" srcset=\"https:\/\/www.simafri.com\/cs\/wp-content\/uploads\/2020\/04\/sigle-simafri-512-h.png 512w, https:\/\/www.simafri.com\/cs\/wp-content\/uploads\/2020\/04\/sigle-simafri-512-h-300x300.png 300w, https:\/\/www.simafri.com\/cs\/wp-content\/uploads\/2020\/04\/sigle-simafri-512-h-150x150.png 150w\" sizes=\"(max-width: 512px) 100vw, 512px\" \/>\t\t\t\t\t\t\t\t\t\t\t\t\t\t\t<\/div>\n\t\t\t\t<\/div>\n\t\t\t\t<section class=\"elementor-section elementor-inner-section elementor-element elementor-element-f44c5dd elementor-section-boxed elementor-section-height-default elementor-section-height-default\" data-id=\"f44c5dd\" data-element_type=\"section\">\n\t\t\t\t\t\t<div class=\"elementor-container elementor-column-gap-default\">\n\t\t\t\t\t<div class=\"elementor-column elementor-col-100 elementor-inner-column elementor-element elementor-element-df0cc2b elementor-invisible\" data-id=\"df0cc2b\" data-element_type=\"column\" data-settings=\"{&quot;background_background&quot;:&quot;gradient&quot;,&quot;animation&quot;:&quot;fadeIn&quot;}\">\n\t\t\t<div class=\"elementor-widget-wrap elementor-element-populated\">\n\t\t\t\t\t\t\t\t<div class=\"elementor-element elementor-element-d47638f elementor-widget elementor-widget-heading\" data-id=\"d47638f\" data-element_type=\"widget\" data-widget_type=\"heading.default\">\n\t\t\t\t<div class=\"elementor-widget-container\">\n\t\t\t<style>\/*! elementor - v3.3.1 - 20-07-2021 *\/\n.elementor-heading-title{padding:0;margin:0;line-height:1}.elementor-widget-heading .elementor-heading-title[class*=elementor-size-]>a{color:inherit;font-size:inherit;line-height:inherit}.elementor-widget-heading .elementor-heading-title.elementor-size-small{font-size:15px}.elementor-widget-heading .elementor-heading-title.elementor-size-medium{font-size:19px}.elementor-widget-heading .elementor-heading-title.elementor-size-large{font-size:29px}.elementor-widget-heading .elementor-heading-title.elementor-size-xl{font-size:39px}.elementor-widget-heading .elementor-heading-title.elementor-size-xxl{font-size:59px}<\/style><h1 class=\"elementor-heading-title elementor-size-default\">Simafri<\/h1>\t\t<\/div>\n\t\t\t\t<\/div>\n\t\t\t\t<div class=\"elementor-element elementor-element-9c1218f elementor-widget elementor-widget-text-editor\" data-id=\"9c1218f\" data-element_type=\"widget\" data-widget_type=\"text-editor.default\">\n\t\t\t\t<div class=\"elementor-widget-container\">\n\t\t\t<style>\/*! elementor - v3.3.1 - 20-07-2021 *\/\n.elementor-widget-text-editor.elementor-drop-cap-view-stacked .elementor-drop-cap{background-color:#818a91;color:#fff}.elementor-widget-text-editor.elementor-drop-cap-view-framed .elementor-drop-cap{color:#818a91;border:3px solid;background-color:transparent}.elementor-widget-text-editor:not(.elementor-drop-cap-view-default) .elementor-drop-cap{margin-top:8px}.elementor-widget-text-editor:not(.elementor-drop-cap-view-default) .elementor-drop-cap-letter{width:1em;height:1em}.elementor-widget-text-editor .elementor-drop-cap{float:left;text-align:center;line-height:1;font-size:50px}.elementor-widget-text-editor .elementor-drop-cap-letter{display:inline-block}<\/style>\t\t\t\t\tV\u00e1\u0161e\u0148 pro internet a open-source software\t\t\t\t\t\t<\/div>\n\t\t\t\t<\/div>\n\t\t\t\t\t<\/div>\n\t\t<\/div>\n\t\t\t\t\t\t\t<\/div>\n\t\t<\/section>\n\t\t\t\t\t<\/div>\n\t\t<\/div>\n\t\t\t\t\t\t\t<\/div>\n\t\t<\/section>\n\t\t\t\t<section class=\"elementor-section elementor-top-section elementor-element elementor-element-c9a9ba7 elementor-section-height-min-height elementor-section-full_width elementor-section-height-default elementor-section-items-middle\" data-id=\"c9a9ba7\" data-element_type=\"section\" data-settings=\"{&quot;background_background&quot;:&quot;classic&quot;,&quot;shape_divider_top&quot;:&quot;tilt&quot;,&quot;shape_divider_bottom&quot;:&quot;tilt&quot;}\">\n\t\t\t\t\t\t\t<div class=\"elementor-background-overlay\"><\/div>\n\t\t\t\t\t\t<div class=\"elementor-shape elementor-shape-top\" data-negative=\"false\">\n\t\t\t<svg xmlns=\"http:\/\/www.w3.org\/2000\/svg\" viewBox=\"0 0 1000 100\" preserveAspectRatio=\"none\">\n\t<path class=\"elementor-shape-fill\" d=\"M0,6V0h1000v100L0,6z\"\/>\n<\/svg>\t\t<\/div>\n\t\t\t\t<div class=\"elementor-shape elementor-shape-bottom\" data-negative=\"false\">\n\t\t\t<svg xmlns=\"http:\/\/www.w3.org\/2000\/svg\" viewBox=\"0 0 1000 100\" preserveAspectRatio=\"none\">\n\t<path class=\"elementor-shape-fill\" d=\"M0,6V0h1000v100L0,6z\"\/>\n<\/svg>\t\t<\/div>\n\t\t\t\t\t<div class=\"elementor-container elementor-column-gap-no\">\n\t\t\t\t\t<div class=\"elementor-column elementor-col-100 elementor-top-column elementor-element elementor-element-83bd321\" data-id=\"83bd321\" data-element_type=\"column\">\n\t\t\t<div class=\"elementor-widget-wrap elementor-element-populated\">\n\t\t\t\t\t\t\t\t<section class=\"elementor-section elementor-inner-section elementor-element elementor-element-8d29e3e elementor-section-full_width elementor-section-height-default elementor-section-height-default\" data-id=\"8d29e3e\" data-element_type=\"section\">\n\t\t\t\t\t\t<div class=\"elementor-container elementor-column-gap-no\">\n\t\t\t\t\t<div class=\"elementor-column elementor-col-100 elementor-inner-column elementor-element elementor-element-8110215 elementor-invisible\" data-id=\"8110215\" data-element_type=\"column\" data-settings=\"{&quot;background_background&quot;:&quot;classic&quot;,&quot;animation&quot;:&quot;slideInLeft&quot;}\">\n\t\t\t<div class=\"elementor-widget-wrap elementor-element-populated\">\n\t\t\t\t\t\t\t\t<div class=\"elementor-element elementor-element-dbce0e6 elementor-widget elementor-widget-heading\" data-id=\"dbce0e6\" data-element_type=\"widget\" data-widget_type=\"heading.default\">\n\t\t\t\t<div class=\"elementor-widget-container\">\n\t\t\t<h2 class=\"elementor-heading-title elementor-size-default\">Tvorba internetov\u00fdch str\u00e1nek<\/h2>\t\t<\/div>\n\t\t\t\t<\/div>\n\t\t\t\t<div class=\"elementor-element elementor-element-5f9947d elementor-widget elementor-widget-text-editor\" data-id=\"5f9947d\" data-element_type=\"widget\" data-widget_type=\"text-editor.default\">\n\t\t\t\t<div class=\"elementor-widget-container\">\n\t\t\t\t\t\t\t\t<p>Na\u0161i projektov\u00ed mana\u017ee\u0159i, webmaste\u0159i a design\u00e9\u0159i vytvo\u0159\u00ed V\u00e1\u0161 web.<\/p>\t\t\t\t\t\t<\/div>\n\t\t\t\t<\/div>\n\t\t\t\t<div class=\"elementor-element elementor-element-f75ac8e elementor-align-right elementor-mobile-align-center elementor-widget elementor-widget-button\" data-id=\"f75ac8e\" data-element_type=\"widget\" data-widget_type=\"button.default\">\n\t\t\t\t<div class=\"elementor-widget-container\">\n\t\t\t\t\t<div class=\"elementor-button-wrapper\">\n\t\t\t<a href=\"https:\/\/www.simafri.com\/cs\/tvorba-webovych-stranek\/\" class=\"elementor-button-link elementor-button elementor-size-md\" role=\"button\">\n\t\t\t\t\t\t<span class=\"elementor-button-content-wrapper\">\n\t\t\t\t\t\t<span class=\"elementor-button-text\">TVORBA WEBOV\u00ddCH STR\u00c1NEK<\/span>\n\t\t<\/span>\n\t\t\t\t\t<\/a>\n\t\t<\/div>\n\t\t\t\t<\/div>\n\t\t\t\t<\/div>\n\t\t\t\t\t<\/div>\n\t\t<\/div>\n\t\t\t\t\t\t\t<\/div>\n\t\t<\/section>\n\t\t\t\t\t<\/div>\n\t\t<\/div>\n\t\t\t\t\t\t\t<\/div>\n\t\t<\/section>\n\t\t\t\t<section class=\"elementor-section elementor-top-section elementor-element elementor-element-8152a3f elementor-section-height-min-height elementor-section-full_width elementor-section-height-default elementor-section-items-middle\" data-id=\"8152a3f\" data-element_type=\"section\" data-settings=\"{&quot;background_background&quot;:&quot;classic&quot;,&quot;shape_divider_top&quot;:&quot;tilt&quot;,&quot;shape_divider_bottom&quot;:&quot;tilt&quot;}\">\n\t\t\t\t\t\t\t<div class=\"elementor-background-overlay\"><\/div>\n\t\t\t\t\t\t<div class=\"elementor-shape elementor-shape-top\" data-negative=\"false\">\n\t\t\t<svg xmlns=\"http:\/\/www.w3.org\/2000\/svg\" viewBox=\"0 0 1000 100\" preserveAspectRatio=\"none\">\n\t<path class=\"elementor-shape-fill\" d=\"M0,6V0h1000v100L0,6z\"\/>\n<\/svg>\t\t<\/div>\n\t\t\t\t<div class=\"elementor-shape elementor-shape-bottom\" data-negative=\"false\">\n\t\t\t<svg xmlns=\"http:\/\/www.w3.org\/2000\/svg\" viewBox=\"0 0 1000 100\" preserveAspectRatio=\"none\">\n\t<path class=\"elementor-shape-fill\" d=\"M0,6V0h1000v100L0,6z\"\/>\n<\/svg>\t\t<\/div>\n\t\t\t\t\t<div class=\"elementor-container elementor-column-gap-no\">\n\t\t\t\t\t<div class=\"elementor-column elementor-col-100 elementor-top-column elementor-element elementor-element-232e4c6\" data-id=\"232e4c6\" data-element_type=\"column\">\n\t\t\t<div class=\"elementor-widget-wrap elementor-element-populated\">\n\t\t\t\t\t\t\t\t<section class=\"elementor-section elementor-inner-section elementor-element elementor-element-aea0a81 elementor-section-full_width elementor-section-height-default elementor-section-height-default\" data-id=\"aea0a81\" data-element_type=\"section\">\n\t\t\t\t\t\t<div class=\"elementor-container elementor-column-gap-default\">\n\t\t\t\t\t<div class=\"elementor-column elementor-col-100 elementor-inner-column elementor-element elementor-element-b1fe9c7 elementor-invisible\" data-id=\"b1fe9c7\" data-element_type=\"column\" data-settings=\"{&quot;background_background&quot;:&quot;classic&quot;,&quot;animation&quot;:&quot;slideInLeft&quot;}\">\n\t\t\t<div class=\"elementor-widget-wrap elementor-element-populated\">\n\t\t\t\t\t\t\t\t<div class=\"elementor-element elementor-element-477138b elementor-widget elementor-widget-heading\" data-id=\"477138b\" data-element_type=\"widget\" data-widget_type=\"heading.default\">\n\t\t\t\t<div class=\"elementor-widget-container\">\n\t\t\t<h2 class=\"elementor-heading-title elementor-size-default\">Webhosting a e-maily<\/h2>\t\t<\/div>\n\t\t\t\t<\/div>\n\t\t\t\t<div class=\"elementor-element elementor-element-bb23229 elementor-widget elementor-widget-text-editor\" data-id=\"bb23229\" data-element_type=\"widget\" data-widget_type=\"text-editor.default\">\n\t\t\t\t<div class=\"elementor-widget-container\">\n\t\t\t\t\t\t\t\t<p>\u0160pi\u010dkov\u00fd webhosting pro Va\u0161e webov\u00e9 str\u00e1nky a profesion\u00e1ln\u00ed e-maily.<\/p>\t\t\t\t\t\t<\/div>\n\t\t\t\t<\/div>\n\t\t\t\t<div class=\"elementor-element elementor-element-77e5351 elementor-align-right elementor-mobile-align-center elementor-widget elementor-widget-button\" data-id=\"77e5351\" data-element_type=\"widget\" data-widget_type=\"button.default\">\n\t\t\t\t<div class=\"elementor-widget-container\">\n\t\t\t\t\t<div class=\"elementor-button-wrapper\">\n\t\t\t<a href=\"https:\/\/www.simafri.com\/cs\/webhosting\/\" class=\"elementor-button-link elementor-button elementor-size-md\" role=\"button\">\n\t\t\t\t\t\t<span class=\"elementor-button-content-wrapper\">\n\t\t\t\t\t\t<span class=\"elementor-button-text\">Webhosting a E-maily<\/span>\n\t\t<\/span>\n\t\t\t\t\t<\/a>\n\t\t<\/div>\n\t\t\t\t<\/div>\n\t\t\t\t<\/div>\n\t\t\t\t\t<\/div>\n\t\t<\/div>\n\t\t\t\t\t\t\t<\/div>\n\t\t<\/section>\n\t\t\t\t\t<\/div>\n\t\t<\/div>\n\t\t\t\t\t\t\t<\/div>\n\t\t<\/section>\n\t\t\t\t<section class=\"elementor-section elementor-top-section elementor-element elementor-element-a4d44d2 elementor-section-height-min-height elementor-section-full_width elementor-section-height-default elementor-section-items-middle\" data-id=\"a4d44d2\" data-element_type=\"section\" data-settings=\"{&quot;background_background&quot;:&quot;classic&quot;,&quot;shape_divider_top&quot;:&quot;tilt&quot;}\">\n\t\t\t\t\t\t\t<div class=\"elementor-background-overlay\"><\/div>\n\t\t\t\t\t\t<div class=\"elementor-shape elementor-shape-top\" data-negative=\"false\">\n\t\t\t<svg xmlns=\"http:\/\/www.w3.org\/2000\/svg\" viewBox=\"0 0 1000 100\" preserveAspectRatio=\"none\">\n\t<path class=\"elementor-shape-fill\" d=\"M0,6V0h1000v100L0,6z\"\/>\n<\/svg>\t\t<\/div>\n\t\t\t\t\t<div class=\"elementor-container elementor-column-gap-no\">\n\t\t\t\t\t<div class=\"elementor-column elementor-col-100 elementor-top-column elementor-element elementor-element-2f5a7b8\" data-id=\"2f5a7b8\" data-element_type=\"column\">\n\t\t\t<div class=\"elementor-widget-wrap elementor-element-populated\">\n\t\t\t\t\t\t\t\t<section class=\"elementor-section elementor-inner-section elementor-element elementor-element-0923410 elementor-section-full_width elementor-section-height-default elementor-section-height-default\" data-id=\"0923410\" data-element_type=\"section\">\n\t\t\t\t\t\t<div class=\"elementor-container elementor-column-gap-default\">\n\t\t\t\t\t<div class=\"elementor-column elementor-col-100 elementor-inner-column elementor-element elementor-element-9c88ed7 elementor-invisible\" data-id=\"9c88ed7\" data-element_type=\"column\" data-settings=\"{&quot;background_background&quot;:&quot;classic&quot;,&quot;animation&quot;:&quot;slideInLeft&quot;}\">\n\t\t\t<div class=\"elementor-widget-wrap elementor-element-populated\">\n\t\t\t\t\t\t\t\t<div class=\"elementor-element elementor-element-181aad1 elementor-widget elementor-widget-heading\" data-id=\"181aad1\" data-element_type=\"widget\" data-widget_type=\"heading.default\">\n\t\t\t\t<div class=\"elementor-widget-container\">\n\t\t\t<h2 class=\"elementor-heading-title elementor-size-default\">IT servis<\/h2>\t\t<\/div>\n\t\t\t\t<\/div>\n\t\t\t\t<div class=\"elementor-element elementor-element-d8d150b elementor-widget elementor-widget-text-editor\" data-id=\"d8d150b\" data-element_type=\"widget\" data-widget_type=\"text-editor.default\">\n\t\t\t\t<div class=\"elementor-widget-container\">\n\t\t\t\t\t\t\t\t<p>Na\u0161i in\u017een\u00fd\u0159i a vedouc\u00ed projekt\u016f IT jsou zde pro Va\u0161e pot\u0159eby v\u00fdvoje softwaru.<\/p>\t\t\t\t\t\t<\/div>\n\t\t\t\t<\/div>\n\t\t\t\t<div class=\"elementor-element elementor-element-3ed035d elementor-align-right elementor-mobile-align-center elementor-widget elementor-widget-button\" data-id=\"3ed035d\" data-element_type=\"widget\" data-widget_type=\"button.default\">\n\t\t\t\t<div class=\"elementor-widget-container\">\n\t\t\t\t\t<div class=\"elementor-button-wrapper\">\n\t\t\t<a href=\"https:\/\/www.simafri.com\/cs\/it-outsourcing\" class=\"elementor-button-link elementor-button elementor-size-md\" role=\"button\">\n\t\t\t\t\t\t<span class=\"elementor-button-content-wrapper\">\n\t\t\t\t\t\t<span class=\"elementor-button-text\">Zjistit v\u00edce<\/span>\n\t\t<\/span>\n\t\t\t\t\t<\/a>\n\t\t<\/div>\n\t\t\t\t<\/div>\n\t\t\t\t<\/div>\n\t\t\t\t\t<\/div>\n\t\t<\/div>\n\t\t\t\t\t\t\t<\/div>\n\t\t<\/section>\n\t\t\t\t\t<\/div>\n\t\t<\/div>\n\t\t\t\t\t\t\t<\/div>\n\t\t<\/section>\n\t\t\t\t\t\t<\/div>\n\t\t\t\t\t<\/div>\n\t\t","protected":false},"excerpt":{"rendered":"<p>Simafri V\u00e1\u0161e\u0148 pro internet a open-source software Tvorba internetov\u00fdch str\u00e1nek Na\u0161i projektov\u00ed mana\u017ee\u0159i, webmaste\u0159i a design\u00e9\u0159i vytvo\u0159\u00ed V\u00e1\u0161 web. TVORBA WEBOV\u00ddCH STR\u00c1NEK Webhosting a e-maily \u0160pi\u010dkov\u00fd webhosting pro Va\u0161e webov\u00e9 str\u00e1nky a profesion\u00e1ln\u00ed e-maily. Webhosting a E-maily IT servis Na\u0161i in\u017een\u00fd\u0159i a vedouc\u00ed projekt\u016f IT jsou zde pro Va\u0161e pot\u0159eby v\u00fdvoje softwaru. Zjistit v\u00edce<\/p>\n","protected":false},"author":4,"featured_media":237,"parent":0,"menu_order":0,"comment_status":"closed","ping_status":"closed","template":"elementor_header_footer","meta":[],"yoast_head":"<!-- This site is optimized with the Yoast SEO plugin v16.9 - https:\/\/yoast.com\/wordpress\/plugins\/seo\/ -->\n<title>Simafri: Outsourcing softwaru a Cloud<\/title>\n<meta name=\"description\" content=\"Software pro spr\u00e1vu, tvorba webov\u00fdch str\u00e1nek a internetov\u00e9ho obchodu, cloudov\u00fd hosting, firemn\u00ed zas\u00edl\u00e1n\u00ed e-mail\u016f a outsourcing IT\" \/>\n<meta name=\"robots\" content=\"index, follow, max-snippet:-1, max-image-preview:large, max-video-preview:-1\" \/>\n<link rel=\"canonical\" href=\"https:\/\/www.simafri.com\/cs\/\" \/>\n<meta property=\"og:locale\" content=\"cs_CZ\" \/>\n<meta property=\"og:type\" content=\"article\" \/>\n<meta property=\"og:title\" content=\"Simafri: Outsourcing softwaru a Cloud\" \/>\n<meta property=\"og:description\" content=\"Software pro spr\u00e1vu, tvorba webov\u00fdch str\u00e1nek a internetov\u00e9ho obchodu, cloudov\u00fd hosting, firemn\u00ed zas\u00edl\u00e1n\u00ed e-mail\u016f a outsourcing IT\" \/>\n<meta property=\"og:url\" content=\"https:\/\/www.simafri.com\/cs\/\" \/>\n<meta property=\"og:site_name\" content=\"Simafri\" \/>\n<meta property=\"article:modified_time\" content=\"2021-03-04T09:10:23+00:00\" \/>\n<meta property=\"og:image\" content=\"https:\/\/www.simafri.com\/cs\/wp-content\/uploads\/2020\/04\/sigle-simafri-512-h.png\" \/>\n\t<meta property=\"og:image:width\" content=\"512\" \/>\n\t<meta property=\"og:image:height\" content=\"512\" \/>\n<meta name=\"twitter:card\" content=\"summary_large_image\" \/>\n<meta name=\"twitter:label1\" content=\"Odhadovan\u00e1 doba \u010dten\u00ed\" \/>\n\t<meta name=\"twitter:data1\" content=\"1 minuta\" \/>\n<script type=\"application\/ld+json\" class=\"yoast-schema-graph\">{\"@context\":\"https:\/\/schema.org\",\"@graph\":[{\"@type\":\"WebSite\",\"@id\":\"https:\/\/www.simafri.com\/fr\/#website\",\"url\":\"https:\/\/www.simafri.com\/fr\/\",\"name\":\"Simafri\",\"description\":\"Infog\\u00e9rance logicielle &amp; Cloud\",\"potentialAction\":[{\"@type\":\"SearchAction\",\"target\":{\"@type\":\"EntryPoint\",\"urlTemplate\":\"https:\/\/www.simafri.com\/fr\/?s={search_term_string}\"},\"query-input\":\"required name=search_term_string\"}],\"inLanguage\":\"cs\"},{\"@type\":\"ImageObject\",\"@id\":\"https:\/\/www.simafri.com\/cs\/#primaryimage\",\"inLanguage\":\"cs\",\"url\":\"https:\/\/www.simafri.com\/cs\/wp-content\/uploads\/2020\/04\/sigle-simafri-512-h.png\",\"contentUrl\":\"https:\/\/www.simafri.com\/cs\/wp-content\/uploads\/2020\/04\/sigle-simafri-512-h.png\",\"width\":512,\"height\":512},{\"@type\":\"WebPage\",\"@id\":\"https:\/\/www.simafri.com\/cs\/#webpage\",\"url\":\"https:\/\/www.simafri.com\/cs\/\",\"name\":\"Simafri: Outsourcing softwaru a Cloud\",\"isPartOf\":{\"@id\":\"https:\/\/www.simafri.com\/fr\/#website\"},\"primaryImageOfPage\":{\"@id\":\"https:\/\/www.simafri.com\/cs\/#primaryimage\"},\"datePublished\":\"2020-06-14T09:29:10+00:00\",\"dateModified\":\"2021-03-04T09:10:23+00:00\",\"description\":\"Software pro spr\\u00e1vu, tvorba webov\\u00fdch str\\u00e1nek a internetov\\u00e9ho obchodu, cloudov\\u00fd hosting, firemn\\u00ed zas\\u00edl\\u00e1n\\u00ed e-mail\\u016f a outsourcing IT\",\"breadcrumb\":{\"@id\":\"https:\/\/www.simafri.com\/cs\/#breadcrumb\"},\"inLanguage\":\"cs\",\"potentialAction\":[{\"@type\":\"ReadAction\",\"target\":[\"https:\/\/www.simafri.com\/cs\/\"]}]},{\"@type\":\"BreadcrumbList\",\"@id\":\"https:\/\/www.simafri.com\/cs\/#breadcrumb\",\"itemListElement\":[{\"@type\":\"ListItem\",\"position\":1,\"name\":\"Home\",\"item\":\"https:\/\/www.simafri.com\/cs\/\"},{\"@type\":\"ListItem\",\"position\":2,\"name\":\"Domovsk\\u00e1 str\\u00e1nka\"}]}]}<\/script>\n<!-- \/ Yoast SEO plugin. -->","yoast_head_json":{"title":"Simafri: Outsourcing softwaru a Cloud","description":"Software pro spr\u00e1vu, tvorba webov\u00fdch str\u00e1nek a internetov\u00e9ho obchodu, cloudov\u00fd hosting, firemn\u00ed zas\u00edl\u00e1n\u00ed e-mail\u016f a outsourcing IT","robots":{"index":"index","follow":"follow","max-snippet":"max-snippet:-1","max-image-preview":"max-image-preview:large","max-video-preview":"max-video-preview:-1"},"canonical":"https:\/\/www.simafri.com\/cs\/","og_locale":"cs_CZ","og_type":"article","og_title":"Simafri: Outsourcing softwaru a Cloud","og_description":"Software pro spr\u00e1vu, tvorba webov\u00fdch str\u00e1nek a internetov\u00e9ho obchodu, cloudov\u00fd hosting, firemn\u00ed zas\u00edl\u00e1n\u00ed e-mail\u016f a outsourcing IT","og_url":"https:\/\/www.simafri.com\/cs\/","og_site_name":"Simafri","article_modified_time":"2021-03-04T09:10:23+00:00","og_image":[{"width":512,"height":512,"url":"https:\/\/www.simafri.com\/cs\/wp-content\/uploads\/2020\/04\/sigle-simafri-512-h.png","path":"\/var\/www\/vhosts\/simafri.com\/public_html\/cs\/wp-content\/uploads\/2020\/04\/sigle-simafri-512-h.png","size":"full","id":237,"alt":"","pixels":262144,"type":"image\/png"}],"twitter_card":"summary_large_image","twitter_misc":{"Odhadovan\u00e1 doba \u010dten\u00ed":"1 minuta"},"schema":{"@context":"https:\/\/schema.org","@graph":[{"@type":"WebSite","@id":"https:\/\/www.simafri.com\/fr\/#website","url":"https:\/\/www.simafri.com\/fr\/","name":"Simafri","description":"Infog\u00e9rance logicielle &amp; Cloud","potentialAction":[{"@type":"SearchAction","target":{"@type":"EntryPoint","urlTemplate":"https:\/\/www.simafri.com\/fr\/?s={search_term_string}"},"query-input":"required name=search_term_string"}],"inLanguage":"cs"},{"@type":"ImageObject","@id":"https:\/\/www.simafri.com\/cs\/#primaryimage","inLanguage":"cs","url":"https:\/\/www.simafri.com\/cs\/wp-content\/uploads\/2020\/04\/sigle-simafri-512-h.png","contentUrl":"https:\/\/www.simafri.com\/cs\/wp-content\/uploads\/2020\/04\/sigle-simafri-512-h.png","width":512,"height":512},{"@type":"WebPage","@id":"https:\/\/www.simafri.com\/cs\/#webpage","url":"https:\/\/www.simafri.com\/cs\/","name":"Simafri: Outsourcing softwaru a Cloud","isPartOf":{"@id":"https:\/\/www.simafri.com\/fr\/#website"},"primaryImageOfPage":{"@id":"https:\/\/www.simafri.com\/cs\/#primaryimage"},"datePublished":"2020-06-14T09:29:10+00:00","dateModified":"2021-03-04T09:10:23+00:00","description":"Software pro spr\u00e1vu, tvorba webov\u00fdch str\u00e1nek a internetov\u00e9ho obchodu, cloudov\u00fd hosting, firemn\u00ed zas\u00edl\u00e1n\u00ed e-mail\u016f a outsourcing IT","breadcrumb":{"@id":"https:\/\/www.simafri.com\/cs\/#breadcrumb"},"inLanguage":"cs","potentialAction":[{"@type":"ReadAction","target":["https:\/\/www.simafri.com\/cs\/"]}]},{"@type":"BreadcrumbList","@id":"https:\/\/www.simafri.com\/cs\/#breadcrumb","itemListElement":[{"@type":"ListItem","position":1,"name":"Home","item":"https:\/\/www.simafri.com\/cs\/"},{"@type":"ListItem","position":2,"name":"Domovsk\u00e1 str\u00e1nka"}]}]}},"_links":{"self":[{"href":"https:\/\/www.simafri.com\/cs\/wp-json\/wp\/v2\/pages\/3160"}],"collection":[{"href":"https:\/\/www.simafri.com\/cs\/wp-json\/wp\/v2\/pages"}],"about":[{"href":"https:\/\/www.simafri.com\/cs\/wp-json\/wp\/v2\/types\/page"}],"author":[{"embeddable":true,"href":"https:\/\/www.simafri.com\/cs\/wp-json\/wp\/v2\/users\/4"}],"replies":[{"embeddable":true,"href":"https:\/\/www.simafri.com\/cs\/wp-json\/wp\/v2\/comments?post=3160"}],"version-history":[{"count":5,"href":"https:\/\/www.simafri.com\/cs\/wp-json\/wp\/v2\/pages\/3160\/revisions"}],"predecessor-version":[{"id":3357,"href":"https:\/\/www.simafri.com\/cs\/wp-json\/wp\/v2\/pages\/3160\/revisions\/3357"}],"wp:featuredmedia":[{"embeddable":true,"href":"https:\/\/www.simafri.com\/cs\/wp-json\/wp\/v2\/media\/237"}],"wp:attachment":[{"href":"https:\/\/www.simafri.com\/cs\/wp-json\/wp\/v2\/media?parent=3160"}],"curies":[{"name":"wp","href":"https:\/\/api.w.org\/{rel}","templated":true}]}}