{"id":5779,"date":"2021-08-12T10:27:01","date_gmt":"2021-08-12T08:27:01","guid":{"rendered":"https:\/\/www.simafri.com\/fr\/?page_id=5779"},"modified":"2021-08-12T11:07:25","modified_gmt":"2021-08-12T09:07:25","slug":"blog","status":"publish","type":"page","link":"https:\/\/www.simafri.com\/fr\/blog\/","title":{"rendered":"Blog Simafri"},"content":{"rendered":"\t\t<div data-elementor-type=\"wp-page\" data-elementor-id=\"5779\" class=\"elementor elementor-5779\" data-elementor-settings=\"[]\">\n\t\t\t\t\t\t\t<div class=\"elementor-section-wrap\">\n\t\t\t\t\t\t\t<section class=\"elementor-section elementor-top-section elementor-element elementor-element-a7551f5 elementor-section-boxed elementor-section-height-default elementor-section-height-default\" data-id=\"a7551f5\" data-element_type=\"section\">\n\t\t\t\t\t\t<div class=\"elementor-container elementor-column-gap-default\">\n\t\t\t\t\t<div class=\"elementor-column elementor-col-100 elementor-top-column elementor-element elementor-element-43745a4\" data-id=\"43745a4\" data-element_type=\"column\">\n\t\t\t<div class=\"elementor-widget-wrap elementor-element-populated\">\n\t\t\t\t\t\t\t\t<div class=\"elementor-element elementor-element-bf8c22b elementor-widget elementor-widget-heading\" data-id=\"bf8c22b\" data-element_type=\"widget\" data-widget_type=\"heading.default\">\n\t\t\t\t<div class=\"elementor-widget-container\">\n\t\t\t<style>\/*! elementor - v3.4.6 - 19-10-2021 *\/\n.elementor-heading-title{padding:0;margin:0;line-height:1}.elementor-widget-heading .elementor-heading-title[class*=elementor-size-]>a{color:inherit;font-size:inherit;line-height:inherit}.elementor-widget-heading .elementor-heading-title.elementor-size-small{font-size:15px}.elementor-widget-heading .elementor-heading-title.elementor-size-medium{font-size:19px}.elementor-widget-heading .elementor-heading-title.elementor-size-large{font-size:29px}.elementor-widget-heading .elementor-heading-title.elementor-size-xl{font-size:39px}.elementor-widget-heading .elementor-heading-title.elementor-size-xxl{font-size:59px}<\/style><h1 class=\"elementor-heading-title elementor-size-default\">Le Blog Simafri<\/h1>\t\t<\/div>\n\t\t\t\t<\/div>\n\t\t\t\t<div class=\"elementor-element elementor-element-335d519 elementor-widget elementor-widget-text-editor\" data-id=\"335d519\" data-element_type=\"widget\" data-widget_type=\"text-editor.default\">\n\t\t\t\t<div class=\"elementor-widget-container\">\n\t\t\t<style>\/*! elementor - v3.4.6 - 19-10-2021 *\/\n.elementor-widget-text-editor.elementor-drop-cap-view-stacked .elementor-drop-cap{background-color:#818a91;color:#fff}.elementor-widget-text-editor.elementor-drop-cap-view-framed .elementor-drop-cap{color:#818a91;border:3px solid;background-color:transparent}.elementor-widget-text-editor:not(.elementor-drop-cap-view-default) .elementor-drop-cap{margin-top:8px}.elementor-widget-text-editor:not(.elementor-drop-cap-view-default) .elementor-drop-cap-letter{width:1em;height:1em}.elementor-widget-text-editor .elementor-drop-cap{float:left;text-align:center;line-height:1;font-size:50px}.elementor-widget-text-editor .elementor-drop-cap-letter{display:inline-block}<\/style>\t\t\t\t<p>Articles, tutoriaux, guides, dossiers pour am\u00e9liorer la gestion et tirer profit de son site Internet et des logiciels en ligne<\/p>\t\t\t\t\t\t<\/div>\n\t\t\t\t<\/div>\n\t\t\t\t\t<\/div>\n\t\t<\/div>\n\t\t\t\t\t\t\t<\/div>\n\t\t<\/section>\n\t\t\t\t<section class=\"elementor-section elementor-top-section elementor-element elementor-element-33d1461 elementor-section-boxed elementor-section-height-default elementor-section-height-default\" data-id=\"33d1461\" data-element_type=\"section\">\n\t\t\t\t\t\t<div class=\"elementor-container elementor-column-gap-default\">\n\t\t\t\t\t<div class=\"elementor-column elementor-col-100 elementor-top-column elementor-element elementor-element-394a81a\" data-id=\"394a81a\" data-element_type=\"column\">\n\t\t\t<div class=\"elementor-widget-wrap elementor-element-populated\">\n\t\t\t\t\t\t\t\t<div class=\"elementor-element elementor-element-c4c6b59 elementor-grid-3 elementor-grid-tablet-2 elementor-grid-mobile-1 elementor-posts--thumbnail-top elementor-posts--show-avatar elementor-card-shadow-yes elementor-posts__hover-gradient elementor-widget elementor-widget-posts\" data-id=\"c4c6b59\" data-element_type=\"widget\" data-settings=\"{&quot;cards_columns&quot;:&quot;3&quot;,&quot;cards_columns_tablet&quot;:&quot;2&quot;,&quot;cards_columns_mobile&quot;:&quot;1&quot;,&quot;cards_row_gap&quot;:{&quot;unit&quot;:&quot;px&quot;,&quot;size&quot;:35,&quot;sizes&quot;:[]}}\" data-widget_type=\"posts.cards\">\n\t\t\t\t<div class=\"elementor-widget-container\">\n\t\t\t\t\t<div class=\"elementor-posts-container elementor-posts elementor-posts--skin-cards elementor-grid\">\n\t\t\t\t<article class=\"elementor-post elementor-grid-item post-5464 post type-post status-publish format-standard has-post-thumbnail hentry category-blog\">\n\t\t\t<div class=\"elementor-post__card\">\n\t\t\t\t<a class=\"elementor-post__thumbnail__link\" href=\"https:\/\/www.simafri.com\/fr\/augmenter-trafic-site-web-gratuitement\/\" >\n\t\t\t<div class=\"elementor-post__thumbnail\"><img width=\"300\" height=\"192\" src=\"https:\/\/www.simafri.com\/fr\/wp-content\/uploads\/2021\/07\/augmenter-trafic-site-web-gratuitement-1-300x192.jpg\" class=\"attachment-medium size-medium\" alt=\"Augmenter le trafic de son site web gratuitement\" loading=\"lazy\" srcset=\"https:\/\/www.simafri.com\/fr\/wp-content\/uploads\/2021\/07\/augmenter-trafic-site-web-gratuitement-1-300x192.jpg 300w, https:\/\/www.simafri.com\/fr\/wp-content\/uploads\/2021\/07\/augmenter-trafic-site-web-gratuitement-1-768x492.jpg 768w, https:\/\/www.simafri.com\/fr\/wp-content\/uploads\/2021\/07\/augmenter-trafic-site-web-gratuitement-1.jpg 900w\" sizes=\"(max-width: 300px) 100vw, 300px\" \/><\/div>\n\t\t<\/a>\n\t\t\t\t<div class=\"elementor-post__avatar\">\n\t\t\t<img alt='Simon Lee' src='https:\/\/www.simafri.com\/fr\/wp-content\/uploads\/2021\/07\/simon-lee-128x128.jpg' srcset='https:\/\/www.simafri.com\/fr\/wp-content\/uploads\/2021\/07\/simon-lee-256x256.jpg 2x' class='avatar avatar-128 photo' height='128' width='128' loading='lazy'\/>\t\t<\/div>\n\t\t\t\t<div class=\"elementor-post__text\">\n\t\t\t\t<h2 class=\"elementor-post__title\">\n\t\t\t<a href=\"https:\/\/www.simafri.com\/fr\/augmenter-trafic-site-web-gratuitement\/\" >\n\t\t\t\tAugmenter le trafic de son site web gratuitement avec 4 habitudes\t\t\t<\/a>\n\t\t<\/h2>\n\t\t\t\t<div class=\"elementor-post__excerpt\">\n\t\t\t<p>Je cr\u00e9e et je g\u00e8re des sites web de toutes tailles depuis 2002, et s&rsquo;il y a une question que mes clients me posent r\u00e9guli\u00e8rement<\/p>\n\t\t<\/div>\n\t\t\t\t\t<a class=\"elementor-post__read-more\" href=\"https:\/\/www.simafri.com\/fr\/augmenter-trafic-site-web-gratuitement\/\" >\n\t\t\t\tLire la suite \u00bb\t\t\t<\/a>\n\t\t\t\t<\/div>\n\t\t\t\t<div class=\"elementor-post__meta-data\">\n\t\t\t\t\t<span class=\"elementor-post-date\">\n\t\t\t09\/04\/2022\t\t<\/span>\n\t\t\t\t<span class=\"elementor-post-avatar\">\n\t\t\t11 commentaires\t\t<\/span>\n\t\t\t\t<\/div>\n\t\t\t\t\t<\/div>\n\t\t<\/article>\n\t\t\t\t<article class=\"elementor-post elementor-grid-item post-5675 post type-post status-publish format-standard has-post-thumbnail hentry category-blog\">\n\t\t\t<div class=\"elementor-post__card\">\n\t\t\t\t<a class=\"elementor-post__thumbnail__link\" href=\"https:\/\/www.simafri.com\/fr\/vitesse-site-web\/\" >\n\t\t\t<div class=\"elementor-post__thumbnail\"><img width=\"300\" height=\"192\" src=\"https:\/\/www.simafri.com\/fr\/wp-content\/uploads\/2021\/08\/vitesse-site-web-300x192.jpg\" class=\"attachment-medium size-medium\" alt=\"Vitesse du site web\" loading=\"lazy\" srcset=\"https:\/\/www.simafri.com\/fr\/wp-content\/uploads\/2021\/08\/vitesse-site-web-300x192.jpg 300w, https:\/\/www.simafri.com\/fr\/wp-content\/uploads\/2021\/08\/vitesse-site-web-768x492.jpg 768w, https:\/\/www.simafri.com\/fr\/wp-content\/uploads\/2021\/08\/vitesse-site-web.jpg 900w\" sizes=\"(max-width: 300px) 100vw, 300px\" \/><\/div>\n\t\t<\/a>\n\t\t\t\t<div class=\"elementor-post__avatar\">\n\t\t\t<img alt='Simon Lee' src='https:\/\/www.simafri.com\/fr\/wp-content\/uploads\/2021\/07\/simon-lee-128x128.jpg' srcset='https:\/\/www.simafri.com\/fr\/wp-content\/uploads\/2021\/07\/simon-lee-256x256.jpg 2x' class='avatar avatar-128 photo' height='128' width='128' loading='lazy'\/>\t\t<\/div>\n\t\t\t\t<div class=\"elementor-post__text\">\n\t\t\t\t<h2 class=\"elementor-post__title\">\n\t\t\t<a href=\"https:\/\/www.simafri.com\/fr\/vitesse-site-web\/\" >\n\t\t\t\tAm\u00e9liorer la vitesse de son site web, outils et astuces pour d\u00e9butants\t\t\t<\/a>\n\t\t<\/h2>\n\t\t\t\t<div class=\"elementor-post__excerpt\">\n\t\t\t<p>Dans cet article je vais expliquer l&rsquo;impact qu&rsquo;a la vitesse du site web sur le positionnement de ce dernier dans les moteurs de recherche et<\/p>\n\t\t<\/div>\n\t\t\t\t\t<a class=\"elementor-post__read-more\" href=\"https:\/\/www.simafri.com\/fr\/vitesse-site-web\/\" >\n\t\t\t\tLire la suite \u00bb\t\t\t<\/a>\n\t\t\t\t<\/div>\n\t\t\t\t<div class=\"elementor-post__meta-data\">\n\t\t\t\t\t<span class=\"elementor-post-date\">\n\t\t\t12\/08\/2021\t\t<\/span>\n\t\t\t\t<span class=\"elementor-post-avatar\">\n\t\t\t4 commentaires\t\t<\/span>\n\t\t\t\t<\/div>\n\t\t\t\t\t<\/div>\n\t\t<\/article>\n\t\t\t\t<article class=\"elementor-post elementor-grid-item post-5541 post type-post status-publish format-standard has-post-thumbnail hentry category-blog\">\n\t\t\t<div class=\"elementor-post__card\">\n\t\t\t\t<a class=\"elementor-post__thumbnail__link\" href=\"https:\/\/www.simafri.com\/fr\/ecrire-article-blog\/\" >\n\t\t\t<div class=\"elementor-post__thumbnail\"><img width=\"300\" height=\"192\" src=\"https:\/\/www.simafri.com\/fr\/wp-content\/uploads\/2021\/07\/ecrire-article-blog-300x192.jpg\" class=\"attachment-medium size-medium\" alt=\"\" loading=\"lazy\" srcset=\"https:\/\/www.simafri.com\/fr\/wp-content\/uploads\/2021\/07\/ecrire-article-blog-300x192.jpg 300w, https:\/\/www.simafri.com\/fr\/wp-content\/uploads\/2021\/07\/ecrire-article-blog-768x492.jpg 768w, https:\/\/www.simafri.com\/fr\/wp-content\/uploads\/2021\/07\/ecrire-article-blog.jpg 900w\" sizes=\"(max-width: 300px) 100vw, 300px\" \/><\/div>\n\t\t<\/a>\n\t\t\t\t<div class=\"elementor-post__avatar\">\n\t\t\t<img alt='Simon Lee' src='https:\/\/www.simafri.com\/fr\/wp-content\/uploads\/2021\/07\/simon-lee-128x128.jpg' srcset='https:\/\/www.simafri.com\/fr\/wp-content\/uploads\/2021\/07\/simon-lee-256x256.jpg 2x' class='avatar avatar-128 photo' height='128' width='128' loading='lazy'\/>\t\t<\/div>\n\t\t\t\t<div class=\"elementor-post__text\">\n\t\t\t\t<h2 class=\"elementor-post__title\">\n\t\t\t<a href=\"https:\/\/www.simafri.com\/fr\/ecrire-article-blog\/\" >\n\t\t\t\tComment \u00e9crire un article de blog qui va g\u00e9n\u00e9rer du trafic, m\u00e9thodologie\t\t\t<\/a>\n\t\t<\/h2>\n\t\t\t\t<div class=\"elementor-post__excerpt\">\n\t\t\t<p>Vous avez un site Internet mais vous n&rsquo;avez pas assez de visiteurs ? Vous avez lu partout sur Internet que pour augmenter le trafic de<\/p>\n\t\t<\/div>\n\t\t\t\t\t<a class=\"elementor-post__read-more\" href=\"https:\/\/www.simafri.com\/fr\/ecrire-article-blog\/\" >\n\t\t\t\tLire la suite \u00bb\t\t\t<\/a>\n\t\t\t\t<\/div>\n\t\t\t\t<div class=\"elementor-post__meta-data\">\n\t\t\t\t\t<span class=\"elementor-post-date\">\n\t\t\t02\/08\/2021\t\t<\/span>\n\t\t\t\t<span class=\"elementor-post-avatar\">\n\t\t\t6 commentaires\t\t<\/span>\n\t\t\t\t<\/div>\n\t\t\t\t\t<\/div>\n\t\t<\/article>\n\t\t\t\t<\/div>\n\t\t\t\t<\/div>\n\t\t\t\t<\/div>\n\t\t\t\t\t<\/div>\n\t\t<\/div>\n\t\t\t\t\t\t\t<\/div>\n\t\t<\/section>\n\t\t\t\t\t\t<\/div>\n\t\t\t\t\t<\/div>\n\t\t","protected":false},"excerpt":{"rendered":"<p>Le Blog Simafri Articles, tutoriaux, guides, dossiers pour am\u00e9liorer la gestion et tirer profit de son site Internet et des logiciels en ligne<\/p>\n","protected":false},"author":3,"featured_media":0,"parent":0,"menu_order":0,"comment_status":"closed","ping_status":"closed","template":"elementor_header_footer","meta":[],"yoast_head":"<!-- This site is optimized with the Yoast SEO plugin v17.4 - https:\/\/yoast.com\/wordpress\/plugins\/seo\/ -->\n<title>Blog Simafri: Gestion et Optimisation de Sites Web et de Logiciels en Ligne<\/title>\n<meta name=\"description\" content=\"Articles, tutoriaux, guides, dossiers pour am\u00e9liorer la gestion et tirer profit de son site Internet et des logiciels en ligne\" \/>\n<meta name=\"robots\" content=\"index, follow, max-snippet:-1, max-image-preview:large, max-video-preview:-1\" \/>\n<link rel=\"canonical\" href=\"https:\/\/www.simafri.com\/fr\/blog\/\" \/>\n<meta property=\"og:locale\" content=\"fr_FR\" \/>\n<meta property=\"og:type\" content=\"article\" \/>\n<meta property=\"og:title\" content=\"Blog Simafri: Gestion et Optimisation de Sites Web et de Logiciels en Ligne\" \/>\n<meta property=\"og:description\" content=\"Articles, tutoriaux, guides, dossiers pour am\u00e9liorer la gestion et tirer profit de son site Internet et des logiciels en ligne\" \/>\n<meta property=\"og:url\" content=\"https:\/\/www.simafri.com\/fr\/blog\/\" \/>\n<meta property=\"og:site_name\" content=\"Simafri\" \/>\n<meta property=\"article:publisher\" content=\"https:\/\/www.facebook.com\/simafri.web\" \/>\n<meta property=\"article:modified_time\" content=\"2021-08-12T09:07:25+00:00\" \/>\n<meta name=\"twitter:card\" content=\"summary_large_image\" \/>\n<meta name=\"twitter:label1\" content=\"Dur\u00e9e de lecture est.\" \/>\n\t<meta name=\"twitter:data1\" content=\"2 minutes\" \/>\n<script type=\"application\/ld+json\" class=\"yoast-schema-graph\">{\"@context\":\"https:\/\/schema.org\",\"@graph\":[{\"@type\":\"WebSite\",\"@id\":\"https:\/\/www.simafri.com\/fr\/#website\",\"url\":\"https:\/\/www.simafri.com\/fr\/\",\"name\":\"Simafri\",\"description\":\"Infog\\u00e9rance logicielle &amp; Cloud\",\"potentialAction\":[{\"@type\":\"SearchAction\",\"target\":{\"@type\":\"EntryPoint\",\"urlTemplate\":\"https:\/\/www.simafri.com\/fr\/?s={search_term_string}\"},\"query-input\":\"required name=search_term_string\"}],\"inLanguage\":\"fr-FR\"},{\"@type\":\"WebPage\",\"@id\":\"https:\/\/www.simafri.com\/fr\/blog\/#webpage\",\"url\":\"https:\/\/www.simafri.com\/fr\/blog\/\",\"name\":\"Blog Simafri: Gestion et Optimisation de Sites Web et de Logiciels en Ligne\",\"isPartOf\":{\"@id\":\"https:\/\/www.simafri.com\/fr\/#website\"},\"datePublished\":\"2021-08-12T08:27:01+00:00\",\"dateModified\":\"2021-08-12T09:07:25+00:00\",\"description\":\"Articles, tutoriaux, guides, dossiers pour am\\u00e9liorer la gestion et tirer profit de son site Internet et des logiciels en ligne\",\"breadcrumb\":{\"@id\":\"https:\/\/www.simafri.com\/fr\/blog\/#breadcrumb\"},\"inLanguage\":\"fr-FR\",\"potentialAction\":[{\"@type\":\"ReadAction\",\"target\":[\"https:\/\/www.simafri.com\/fr\/blog\/\"]}]},{\"@type\":\"BreadcrumbList\",\"@id\":\"https:\/\/www.simafri.com\/fr\/blog\/#breadcrumb\",\"itemListElement\":[{\"@type\":\"ListItem\",\"position\":1,\"name\":\"Home\",\"item\":\"https:\/\/www.simafri.com\/fr\/\"},{\"@type\":\"ListItem\",\"position\":2,\"name\":\"Blog Simafri\"}]}]}<\/script>\n<!-- \/ Yoast SEO plugin. -->","yoast_head_json":{"title":"Blog Simafri: Gestion et Optimisation de Sites Web et de Logiciels en Ligne","description":"Articles, tutoriaux, guides, dossiers pour am\u00e9liorer la gestion et tirer profit de son site Internet et des logiciels en ligne","robots":{"index":"index","follow":"follow","max-snippet":"max-snippet:-1","max-image-preview":"max-image-preview:large","max-video-preview":"max-video-preview:-1"},"canonical":"https:\/\/www.simafri.com\/fr\/blog\/","og_locale":"fr_FR","og_type":"article","og_title":"Blog Simafri: Gestion et Optimisation de Sites Web et de Logiciels en Ligne","og_description":"Articles, tutoriaux, guides, dossiers pour am\u00e9liorer la gestion et tirer profit de son site Internet et des logiciels en ligne","og_url":"https:\/\/www.simafri.com\/fr\/blog\/","og_site_name":"Simafri","article_publisher":"https:\/\/www.facebook.com\/simafri.web","article_modified_time":"2021-08-12T09:07:25+00:00","twitter_card":"summary_large_image","twitter_misc":{"Dur\u00e9e de lecture est.":"2 minutes"},"schema":{"@context":"https:\/\/schema.org","@graph":[{"@type":"WebSite","@id":"https:\/\/www.simafri.com\/fr\/#website","url":"https:\/\/www.simafri.com\/fr\/","name":"Simafri","description":"Infog\u00e9rance logicielle &amp; Cloud","potentialAction":[{"@type":"SearchAction","target":{"@type":"EntryPoint","urlTemplate":"https:\/\/www.simafri.com\/fr\/?s={search_term_string}"},"query-input":"required name=search_term_string"}],"inLanguage":"fr-FR"},{"@type":"WebPage","@id":"https:\/\/www.simafri.com\/fr\/blog\/#webpage","url":"https:\/\/www.simafri.com\/fr\/blog\/","name":"Blog Simafri: Gestion et Optimisation de Sites Web et de Logiciels en Ligne","isPartOf":{"@id":"https:\/\/www.simafri.com\/fr\/#website"},"datePublished":"2021-08-12T08:27:01+00:00","dateModified":"2021-08-12T09:07:25+00:00","description":"Articles, tutoriaux, guides, dossiers pour am\u00e9liorer la gestion et tirer profit de son site Internet et des logiciels en ligne","breadcrumb":{"@id":"https:\/\/www.simafri.com\/fr\/blog\/#breadcrumb"},"inLanguage":"fr-FR","potentialAction":[{"@type":"ReadAction","target":["https:\/\/www.simafri.com\/fr\/blog\/"]}]},{"@type":"BreadcrumbList","@id":"https:\/\/www.simafri.com\/fr\/blog\/#breadcrumb","itemListElement":[{"@type":"ListItem","position":1,"name":"Home","item":"https:\/\/www.simafri.com\/fr\/"},{"@type":"ListItem","position":2,"name":"Blog Simafri"}]}]}},"_links":{"self":[{"href":"https:\/\/www.simafri.com\/fr\/wp-json\/wp\/v2\/pages\/5779"}],"collection":[{"href":"https:\/\/www.simafri.com\/fr\/wp-json\/wp\/v2\/pages"}],"about":[{"href":"https:\/\/www.simafri.com\/fr\/wp-json\/wp\/v2\/types\/page"}],"author":[{"embeddable":true,"href":"https:\/\/www.simafri.com\/fr\/wp-json\/wp\/v2\/users\/3"}],"replies":[{"embeddable":true,"href":"https:\/\/www.simafri.com\/fr\/wp-json\/wp\/v2\/comments?post=5779"}],"version-history":[{"count":28,"href":"https:\/\/www.simafri.com\/fr\/wp-json\/wp\/v2\/pages\/5779\/revisions"}],"predecessor-version":[{"id":5810,"href":"https:\/\/www.simafri.com\/fr\/wp-json\/wp\/v2\/pages\/5779\/revisions\/5810"}],"wp:attachment":[{"href":"https:\/\/www.simafri.com\/fr\/wp-json\/wp\/v2\/media?parent=5779"}],"curies":[{"name":"wp","href":"https:\/\/api.w.org\/{rel}","templated":true}]}}